{"id":7,"date":"2023-09-07T14:57:59","date_gmt":"2023-09-07T12:57:59","guid":{"rendered":"https:\/\/picklep.cluster029.hosting.ovh.net\/?page_id=7"},"modified":"2024-07-08T15:50:34","modified_gmt":"2024-07-08T13:50:34","slug":"il-pickleball","status":"publish","type":"page","link":"https:\/\/www.pickleballvaltellina.it\/","title":{"rendered":"IL PICKLEBALL"},"content":{"rendered":"\n<p class=\"has-text-color\" style=\"color:#f7f7f7\"><strong>Finalmente a Sondrio! E tra poco a Morbegno, Tirano, Bormio.<\/strong><\/p>\n\n\n\n<p class=\"has-text-align-left has-text-color\" style=\"color:#ffffff\"><p class=\"has-text-align-left has-text-color\" style=\"color:#ffffff\"><strong>Il pickleball \u00e8 uno sport che sta guadagnando sempre pi\u00f9 popolarit\u00e0 in tutto il mondo, grazie alla sua natura divertente, accessibile e coinvolgente. Inventato alla fine degli anni &#8217;60 negli Stati Uniti, si gioca su un campo rettangolare diviso in due met\u00e0 da una rete simile a quella da tennis. Le racchette sono simili a quelle da ping pong, ma pi\u00f9 grandi, e la pallina \u00e8 perforata<\/strong><\/p><\/p>\n\n\n\n<figure class=\"wp-block-image size-full\"><img loading=\"lazy\" decoding=\"async\" width=\"875\" height=\"578\" src=\"https:\/\/www.pickleballvaltellina.it\/wp-content\/uploads\/2024\/05\/4.jpg\" alt=\"\" class=\"wp-image-216\" srcset=\"https:\/\/www.pickleballvaltellina.it\/wp-content\/uploads\/2024\/05\/4.jpg 875w, https:\/\/www.pickleballvaltellina.it\/wp-content\/uploads\/2024\/05\/4-300x198.jpg 300w, https:\/\/www.pickleballvaltellina.it\/wp-content\/uploads\/2024\/05\/4-768x507.jpg 768w\" sizes=\"auto, (max-width: 875px) 100vw, 875px\" \/><\/figure>\n\n\n\n<p class=\"has-text-color\" style=\"color:#ffffff\"><p class=\"has-text-color\" style=\"color:#f7f7f7\"><strong>La sua facilit\u00e0 d&#8217;apprendimento, insieme alla sua natura coinvolgente e divertente, lo ha reso popolare tra persone di tutte le et\u00e0. Il gioco \u00e8 adatto sia per i principianti che per i giocatori pi\u00f9 esperti, il che lo rende attraente per un vasto pubblico.<\/strong><\/p><\/p>\n\n\n\n<p class=\"has-text-color\" style=\"color:#ffffff\"><strong>Qualche dato:<\/strong><\/p>\n\n\n\n<ul class=\"wp-block-list\" style=\"color:#ffffff\">\n\n<li><strong>Ad oggi, circa 34 milioni di persone giocano a pickleball negli USA, dove sono gi\u00e0 state create due leghe professionistiche<\/strong><\/li>\n\n\n<li><strong>Sempre negli USA, sono presente 44.000 campi dedicati<\/strong><\/li>\n\n\n<li><strong>Il 19% dei praticanti USA ha pi\u00f9 di 55 anni. In Italia 23 milioni di persone sono over 55<\/strong><\/li>\n\n\n<li><strong>In Italia, ad oggi, ci sono circa 150 campi.<\/strong><\/li>\n\n<\/ul>\n\n\n\n<p class=\"has-text-color\" style=\"color:#ffffff\"><p class=\"has-text-color\" style=\"color:#fef5f5\"><strong>Il pickleball \u00e8 uno sport che offre una vasta gamma di benefici sia psicologici che fisici.<\/strong><\/p><\/p>\n\n\n\n<ol class=\"wp-block-list\" type=\"1\" style=\"color:#ffffff\">\n\n<li><strong>Fitness cardiovascolare: Il pickleball \u00e8 un&#8217;attivit\u00e0 aerobica che coinvolge il movimento costante e accelerato, aiutando a migliorare il sistema cardiovascolare, la resistenza e la capacit\u00e0 polmonare.<\/strong><\/li>\n\n\n<li><strong>Migliora la forza muscolare: I movimenti ripetitivi come il colpo di palla, la corsa e il salto aiutano a sviluppare la forza muscolare, specialmente nelle gambe, braccia e zona centrale del corpo.<\/strong><\/li>\n\n\n<li><strong>Favorisce la flessibilit\u00e0: Gli scatti laterali, le girate e i colpi richiedono una buona flessibilit\u00e0, e giocare a pickleball regolarmente pu\u00f2 aiutare a migliorare l&#8217;elasticit\u00e0 muscolare e articolare.<\/strong><\/li>\n\n<\/ol>\n\n\n\n<ul class=\"wp-block-list\" style=\"color:#ffffff\">\n\n<li><strong>Bilancia e coordinazione: Il gioco richiede rapidi cambi di direzione, agilit\u00e0 e una buona coordinazione occhio-mano, che sono abilit\u00e0 che si sviluppano e migliorano con la pratica costante.<\/strong><\/li>\n\n<\/ul>\n\n\n\n<ul class=\"wp-block-list\" style=\"color:#ffffff\">\n\n<li><strong>Promuove il controllo del peso: Poich\u00e9 il pickleball \u00e8 un&#8217;attivit\u00e0 fisica coinvolgente, pu\u00f2 aiutare a bruciare calorie e contribuire al controllo del peso corporeo.<\/strong><\/li>\n\n<\/ul>\n\n\n\n<p class=\"has-text-color\" style=\"color:#fbfbfb\"><strong>Benefici psicologici:<\/strong><\/p>\n\n\n\n<ol class=\"wp-block-list\" type=\"1\" start=\"1\" style=\"color:#ffffff\">\n\n<li><strong>Riduce lo stress: Come qualsiasi altra attivit\u00e0 fisica, il pickleball pu\u00f2 essere un modo efficace per ridurre lo stress e l&#8217;ansia, aiutando a rilasciare endorfine, le sostanze chimiche del benessere, nel cervello.<\/strong><\/li>\n\n\n<li><strong>Migliora l&#8217;umore: L&#8217;attivit\u00e0 fisica libera anche neurotrasmettitori come la serotonina e la dopamina, che possono migliorare l&#8217;umore e contribuire a ridurre i sentimenti di tristezza e depressione.<\/strong><\/li>\n\n\n<li><strong>Aumenta la concentrazione e la cognizione: L&#8217;attenzione richiesta durante il gioco e le strategie tattiche coinvolte possono migliorare la concentrazione, la memoria e le abilit\u00e0 cognitive.<\/strong><\/li>\n\n\n<li><strong>Stimola l&#8217;interazione sociale: Il pickleball \u00e8 spesso giocato in gruppo, offrendo opportunit\u00e0 di socializzazione e creazione di legami con altri giocatori, favorendo una sensazione di appartenenza e supporto sociale.<\/strong><\/li>\n\n\n<li><strong>Fornisce una sensazione di realizzazione: Migliorando le abilit\u00e0 nel gioco, raggiungendo obiettivi e vincendo partite, si pu\u00f2 ottenere una maggiore fiducia in se stessi e una sensazione di realizzazione personale.<\/strong><\/li>\n\n<\/ol>\n\n\n\n<p class=\"has-text-color\" style=\"color:#f7f4f4\"><strong>In sintesi, il pickleball \u00e8 uno sport completo che offre numerosi vantaggi sia per il corpo che per la mente, rendendolo una scelta eccellente per mantenere uno stile di vita attivo e salutare.<\/strong><\/p>\n\n\n\n<p class=\"has-text-color\" style=\"color:#fbf9f9\"><strong>Da oggi puoi giocare a Pickleball anche in Valtellina!<\/strong><\/p>\n\n\n\n<p class=\"has-text-align-center has-text-color\" style=\"color:#ffffff\"><strong>In collaborazione con:<\/strong><\/p>\n\n\n<div class=\"wp-block-image\">\n<figure class=\"aligncenter size-full is-resized\"><img loading=\"lazy\" decoding=\"async\" width=\"531\" height=\"400\" src=\"https:\/\/www.pickleballvaltellina.it\/wp-content\/uploads\/2023\/09\/marchio.jpg\" alt=\"\" class=\"wp-image-165\" style=\"width:165px;height:124px\" srcset=\"https:\/\/www.pickleballvaltellina.it\/wp-content\/uploads\/2023\/09\/marchio.jpg 531w, https:\/\/www.pickleballvaltellina.it\/wp-content\/uploads\/2023\/09\/marchio-300x226.jpg 300w\" sizes=\"auto, (max-width: 531px) 100vw, 531px\" \/><\/figure>\n<\/div>\n\n\n<p><\/p>\n\n\n\n<p><\/p>\n\n\n\n<p class=\"has-text-align-center has-text-color has-larger-font-size\" style=\"color:#f9f4f4\"><strong>PARTNERS<\/strong><\/p>\n\n\n<div class=\"wp-block-image\">\n<figure class=\"aligncenter size-large is-resized\"><img loading=\"lazy\" decoding=\"async\" width=\"1024\" height=\"590\" src=\"https:\/\/www.pickleballvaltellina.it\/wp-content\/uploads\/2023\/09\/logo-fondo-bianco-1024x590.jpg\" alt=\"\" class=\"wp-image-178\" style=\"width:267px;height:154px\" srcset=\"https:\/\/www.pickleballvaltellina.it\/wp-content\/uploads\/2023\/09\/logo-fondo-bianco-1024x590.jpg 1024w, https:\/\/www.pickleballvaltellina.it\/wp-content\/uploads\/2023\/09\/logo-fondo-bianco-300x173.jpg 300w, https:\/\/www.pickleballvaltellina.it\/wp-content\/uploads\/2023\/09\/logo-fondo-bianco-768x443.jpg 768w, https:\/\/www.pickleballvaltellina.it\/wp-content\/uploads\/2023\/09\/logo-fondo-bianco.jpg 1122w\" sizes=\"auto, (max-width: 1024px) 100vw, 1024px\" \/><figcaption class=\"wp-element-caption\"><a href=\"http:\/\/www.folladorprosecco.it\" target=\"_blank\" rel=\"noreferrer noopener\">www.folladorprosecco.it<\/a><\/figcaption><\/figure>\n<\/div>\n\n<div class=\"wp-block-image\">\n<figure class=\"aligncenter size-large is-resized\"><a href=\"WWW.QUICKSAND,IT\"><img loading=\"lazy\" decoding=\"async\" width=\"1024\" height=\"512\" src=\"https:\/\/www.pickleballvaltellina.it\/wp-content\/uploads\/2024\/01\/QUICKSAND_page-0001-1024x512.jpg\" alt=\"\" class=\"wp-image-200\" style=\"width:328px;height:auto\" srcset=\"https:\/\/www.pickleballvaltellina.it\/wp-content\/uploads\/2024\/01\/QUICKSAND_page-0001-1024x512.jpg 1024w, https:\/\/www.pickleballvaltellina.it\/wp-content\/uploads\/2024\/01\/QUICKSAND_page-0001-300x150.jpg 300w, https:\/\/www.pickleballvaltellina.it\/wp-content\/uploads\/2024\/01\/QUICKSAND_page-0001-768x384.jpg 768w, https:\/\/www.pickleballvaltellina.it\/wp-content\/uploads\/2024\/01\/QUICKSAND_page-0001.jpg 1182w\" sizes=\"auto, (max-width: 1024px) 100vw, 1024px\" \/><\/a><\/figure>\n<\/div>\n\n\n<figure class=\"wp-block-image size-full is-resized\"><a href=\"www.originalpickleball.it\" target=\"_blank\" rel=\"www.originalpickleball.it noopener\"><img loading=\"lazy\" decoding=\"async\" width=\"225\" height=\"225\" src=\"https:\/\/www.pickleballvaltellina.it\/wp-content\/uploads\/2024\/07\/marchio.png\" alt=\"\" class=\"wp-image-231\" style=\"width:672px;height:auto\" srcset=\"https:\/\/www.pickleballvaltellina.it\/wp-content\/uploads\/2024\/07\/marchio.png 225w, https:\/\/www.pickleballvaltellina.it\/wp-content\/uploads\/2024\/07\/marchio-150x150.png 150w\" sizes=\"auto, (max-width: 225px) 100vw, 225px\" \/><\/a><\/figure>\n","protected":false},"excerpt":{"rendered":"<p>Finalmente a Sondrio! E tra poco a Morbegno, Tirano, Bormio. Il pickleball \u00e8 uno sport che sta guadagnando sempre pi\u00f9 popolarit\u00e0 in tutto il mondo, grazie alla sua natura divertente, accessibile e coinvolgente. Inventato alla fine degli anni &#8217;60 negli Stati Uniti, si gioca su un campo rettangolare diviso in due met\u00e0 da una rete [&hellip;]<\/p>\n","protected":false},"author":1,"featured_media":215,"parent":0,"menu_order":0,"comment_status":"closed","ping_status":"closed","template":"","meta":{"footnotes":""},"class_list":["post-7","page","type-page","status-publish","has-post-thumbnail","hentry"],"_links":{"self":[{"href":"https:\/\/www.pickleballvaltellina.it\/index.php\/wp-json\/wp\/v2\/pages\/7","targetHints":{"allow":["GET"]}}],"collection":[{"href":"https:\/\/www.pickleballvaltellina.it\/index.php\/wp-json\/wp\/v2\/pages"}],"about":[{"href":"https:\/\/www.pickleballvaltellina.it\/index.php\/wp-json\/wp\/v2\/types\/page"}],"author":[{"embeddable":true,"href":"https:\/\/www.pickleballvaltellina.it\/index.php\/wp-json\/wp\/v2\/users\/1"}],"replies":[{"embeddable":true,"href":"https:\/\/www.pickleballvaltellina.it\/index.php\/wp-json\/wp\/v2\/comments?post=7"}],"version-history":[{"count":39,"href":"https:\/\/www.pickleballvaltellina.it\/index.php\/wp-json\/wp\/v2\/pages\/7\/revisions"}],"predecessor-version":[{"id":235,"href":"https:\/\/www.pickleballvaltellina.it\/index.php\/wp-json\/wp\/v2\/pages\/7\/revisions\/235"}],"wp:featuredmedia":[{"embeddable":true,"href":"https:\/\/www.pickleballvaltellina.it\/index.php\/wp-json\/wp\/v2\/media\/215"}],"wp:attachment":[{"href":"https:\/\/www.pickleballvaltellina.it\/index.php\/wp-json\/wp\/v2\/media?parent=7"}],"curies":[{"name":"wp","href":"https:\/\/api.w.org\/{rel}","templated":true}]}}